{"id":289,"date":"2022-05-07T16:03:52","date_gmt":"2022-05-07T14:03:52","guid":{"rendered":"http:\/\/etouchs.cluster031.hosting.ovh.net\/?page_id=289"},"modified":"2024-03-18T15:22:48","modified_gmt":"2024-03-18T14:22:48","slug":"diffusion","status":"publish","type":"page","link":"https:\/\/www.etouchane.com\/index.php\/etouchane-ggroupe-de-realisation-de-film-documentaire-production-diffusion-education-populaire\/diffusion\/","title":{"rendered":"Diffusion"},"content":{"rendered":"<div data-colibri-id=\"289-c1\" class=\"style-396 style-local-289-c1 position-relative\">\r\n  <!---->\r\n  <div data-colibri-component=\"section\" data-colibri-id=\"289-c2\" id=\"features\" class=\"h-section h-section-global-spacing d-flex align-items-lg-end align-items-md-end align-items-end style-403 style-local-289-c2 position-relative\">\r\n    <!---->\r\n    <!---->\r\n    <div class=\"h-section-grid-container h-section-boxed-container\">\r\n      <div data-colibri-id=\"289-c20\" class=\"h-row-container gutters-row-lg-2 gutters-row-md-2 gutters-row-0 gutters-row-v-lg-2 gutters-row-v-md-2 gutters-row-v-2 style-412 style-local-289-c20 position-relative\">\r\n        <!---->\r\n        <div class=\"h-row justify-content-lg-center justify-content-md-center justify-content-center align-items-lg-stretch align-items-md-stretch align-items-stretch gutters-col-lg-2 gutters-col-md-2 gutters-col-0 gutters-col-v-lg-2 gutters-col-v-md-2 gutters-col-v-2\">\r\n          <!---->\r\n          <div class=\"h-column h-column-container d-flex h-col-lg-auto h-col-md-auto h-col-auto style-413-outer style-local-289-c21-outer\">\r\n            <div data-colibri-id=\"289-c21\" class=\"d-flex h-flex-basis h-column__inner h-px-lg-2 h-px-md-2 h-px-2 v-inner-lg-2 v-inner-md-2 v-inner-2 style-413 style-local-289-c21 position-relative\">\r\n              <!---->\r\n              <!---->\r\n              <div class=\"w-100 h-y-container h-column__content h-column__v-align flex-basis-100 align-self-lg-start align-self-md-start align-self-start\">\r\n                <!---->\r\n                <div data-colibri-id=\"289-c22\" class=\"h-global-transition-all h-heading style-414 style-local-289-c22 position-relative h-element\">\r\n                  <!---->\r\n                  <div class=\"h-heading__outer style-414 style-local-289-c22\">\r\n                    <!---->\r\n                    <!---->\r\n                    <h2 class=\"\">Cin\u00e9ma documentaire <\/h2>\r\n                  <\/div>\r\n                <\/div>\r\n              <\/div>\r\n            <\/div>\r\n          <\/div>\r\n        <\/div>\r\n      <\/div>\r\n      <div data-colibri-id=\"289-c3\" class=\"h-row-container gutters-row-lg-1 gutters-row-md-1 gutters-row-0 gutters-row-v-lg-1 gutters-row-v-md-1 gutters-row-v-2 style-406 style-local-289-c3 position-relative\">\r\n        <!---->\r\n        <div class=\"h-row justify-content-lg-center justify-content-md-center justify-content-center align-items-lg-stretch align-items-md-stretch align-items-stretch gutters-col-lg-1 gutters-col-md-1 gutters-col-0 gutters-col-v-lg-1 gutters-col-v-md-1 gutters-col-v-2\">\r\n          <!---->\r\n          <div class=\"h-column h-column-container d-flex h-col-lg h-col-md h-col-auto style-409-outer style-local-289-c4-outer\">\r\n            <div data-colibri-id=\"289-c4\" class=\"d-flex h-flex-basis h-column__inner h-px-lg-0 h-px-md-0 h-px-0 v-inner-lg-0 v-inner-md-0 v-inner-0 style-409 style-local-289-c4 position-relative\">\r\n              <!---->\r\n              <!---->\r\n              <div class=\"w-100 h-y-container h-column__content h-column__v-align flex-basis-100 align-self-lg-start align-self-md-start align-self-start\">\r\n                <!---->\r\n                <div data-colibri-id=\"289-c5\" class=\"h-global-transition-all h-heading style-410 style-local-289-c5 position-relative h-element\">\r\n                  <!---->\r\n                  <div class=\"h-heading__outer style-410 style-local-289-c5\">\r\n                    <!---->\r\n                    <!---->\r\n                    <a href=\"https:\/\/www.etouchane.com\/index.php\/etouchane-ggroupe-de-realisation-de-film-documentaire-production-diffusion-education-populaire\/productions-realisations\/?customize_changeset_uuid=ce2c6577-a217-4f53-8d6a-aa9e6d5ab1c3\" h-use-smooth-scroll=\"true\">\r\n                      <h5 class=\"\">Initiatives&nbsp;alternatives, d\u00e9mocratiques et collectives <\/h5>\r\n                    <\/a>\r\n                  <\/div>\r\n                <\/div>\r\n                <div data-colibri-id=\"289-c6\" class=\"h-text h-text-component style-411 style-local-289-c6 position-relative h-element\">\r\n                  <!---->\r\n                  <!---->\r\n                  <div class=\"\">\r\n                    <p>Rendre accessible au plus grand nombre, en particulier le public \u00e9loign\u00e9 de l\u2019offre culturelle, des films o\u00f9 le rapport soci\u00e9t\u00e9 \/ repr\u00e9sentations est en jeu. Nous privil\u00e9gions les films peu vus par le grand public, issus des r\u00e9seaux\r\n                      arts et essais, alternatifs, et \/ou de festivals de cin\u00e9ma documentaire produits en France et dans le monde (proche et Moyen-Orient, des pays de l\u2019Est, Afrique du Nord et subsaharienne, Asie, \u00c9tats unis, Canada, Am\u00e9rique latine etc.<\/p>\r\n                  <\/div>\r\n                <\/div>\r\n              <\/div>\r\n            <\/div>\r\n          <\/div>\r\n        <\/div>\r\n      <\/div>\r\n      <div data-colibri-id=\"289-c7\" class=\"h-row-container gutters-row-lg-2 gutters-row-md-2 gutters-row-0 gutters-row-v-lg-2 gutters-row-v-md-2 gutters-row-v-2 style-431 style-local-289-c7 position-relative\">\r\n        <!---->\r\n        <div class=\"h-row justify-content-lg-center justify-content-md-center justify-content-center align-items-lg-stretch align-items-md-stretch align-items-stretch gutters-col-lg-2 gutters-col-md-2 gutters-col-0 gutters-col-v-lg-2 gutters-col-v-md-2 gutters-col-v-2\">\r\n          <!---->\r\n          <div class=\"h-column h-column-container d-flex h-col-lg-auto h-col-md-auto h-col-auto style-432-outer style-local-289-c8-outer\">\r\n            <div data-colibri-id=\"289-c8\" class=\"d-flex h-flex-basis h-column__inner h-ui-empty-state-container h-px-lg-2 h-px-md-2 h-px-2 v-inner-lg-2 v-inner-md-2 v-inner-2 style-432 style-local-289-c8 position-relative\">\r\n              <!---->\r\n              <!---->\r\n              <div class=\"w-100 h-y-container h-column__content h-column__v-align flex-basis-100\">\r\n                <!---->\r\n              <\/div>\r\n            <\/div>\r\n          <\/div>\r\n        <\/div>\r\n      <\/div>\r\n      <div data-colibri-id=\"289-c9\" class=\"h-row-container gutters-row-lg-1 gutters-row-md-1 gutters-row-2 gutters-row-v-lg-1 gutters-row-v-md-1 gutters-row-v-2 style-404 style-local-289-c9 position-relative\">\r\n        <!---->\r\n        <div class=\"h-row justify-content-lg-center justify-content-md-center justify-content-center align-items-lg-stretch align-items-md-stretch align-items-stretch gutters-col-lg-1 gutters-col-md-1 gutters-col-2 gutters-col-v-lg-1 gutters-col-v-md-1 gutters-col-v-2\">\r\n          <!---->\r\n          <div class=\"h-column h-column-container d-flex h-col-lg-6 h-col-md-6 h-col-12 style-405-outer style-local-289-c10-outer\">\r\n            <div data-colibri-id=\"289-c10\" class=\"d-flex h-flex-basis h-column__inner h-px-lg-0 h-px-md-0 h-px-0 v-inner-lg-0 v-inner-md-0 v-inner-2 style-405 style-local-289-c10 position-relative\">\r\n              <!---->\r\n              <!---->\r\n              <div class=\"w-100 h-y-container h-column__content h-column__v-align flex-basis-100 align-self-lg-start align-self-md-start align-self-start\">\r\n                <!---->\r\n                <div data-colibri-id=\"289-c11\" class=\"h-row-container gutters-row-lg-1 gutters-row-md-1 gutters-row-0 gutters-row-v-lg-1 gutters-row-v-md-1 gutters-row-v-2 style-406 style-local-289-c11 position-relative\">\r\n                  <!---->\r\n                  <div class=\"h-row justify-content-lg-center justify-content-md-center justify-content-center align-items-lg-stretch align-items-md-stretch align-items-stretch gutters-col-lg-1 gutters-col-md-1 gutters-col-0 gutters-col-v-lg-1 gutters-col-v-md-1 gutters-col-v-2\">\r\n                    <!---->\r\n                    <div class=\"h-column h-column-container d-flex h-col-lg h-col-md h-col-auto style-409-outer style-local-289-c12-outer\">\r\n                      <div data-colibri-id=\"289-c12\" class=\"d-flex h-flex-basis h-column__inner h-px-lg-0 h-px-md-0 h-px-0 v-inner-lg-0 v-inner-md-0 v-inner-0 style-409 style-local-289-c12 position-relative\">\r\n                        <!---->\r\n                        <!---->\r\n                        <div class=\"w-100 h-y-container h-column__content h-column__v-align flex-basis-100 align-self-lg-start align-self-md-start align-self-start\">\r\n                          <!---->\r\n                          <div data-colibri-id=\"289-c13\" class=\"h-global-transition-all h-heading style-410 style-local-289-c13 position-relative h-element\">\r\n                            <!---->\r\n                            <div class=\"h-heading__outer style-410 style-local-289-c13\">\r\n                              <!---->\r\n                              <!---->\r\n                              <a href=\"https:\/\/www.etouchane.com\/index.php\/etouchane-ggroupe-de-realisation-de-film-documentaire-production-diffusion-education-populaire\/productions-realisations\/?customize_changeset_uuid=ce2c6577-a217-4f53-8d6a-aa9e6d5ab1c3\"\r\n                                h-use-smooth-scroll=\"true\">\r\n                                <h5 class=\"\">&nbsp;Une analyse critique <\/h5>\r\n                              <\/a>\r\n                            <\/div>\r\n                          <\/div>\r\n                          <div data-colibri-id=\"289-c14\" class=\"h-text h-text-component style-411 style-local-289-c14 position-relative h-element\">\r\n                            <!---->\r\n                            <!---->\r\n                            <div class=\"\">\r\n                              <p>Le dispositif de la projection en salle permet d\u2019\u00e9changer sur le cin\u00e9ma autour d\u2019un temps convivial en nous d\u00e9tachant de la relation unilat\u00e9rale que nous avons habituellement avec le petit \u00e9cran via internet, la t\u00e9l\u00e9vision,\r\n                                ou les r\u00e9seaux sociaux.<\/p>\r\n                            <\/div>\r\n                          <\/div>\r\n                        <\/div>\r\n                      <\/div>\r\n                    <\/div>\r\n                  <\/div>\r\n                <\/div>\r\n              <\/div>\r\n            <\/div>\r\n          <\/div>\r\n          <div class=\"h-column h-column-container d-flex h-col-lg-6 h-col-md-6 h-col-12 style-416-outer style-local-289-c15-outer\">\r\n            <div data-colibri-id=\"289-c15\" class=\"d-flex h-flex-basis h-column__inner h-px-lg-2 h-px-md-2 h-px-2 v-inner-lg-2 v-inner-md-2 v-inner-2 style-416 style-local-289-c15 position-relative\">\r\n              <!---->\r\n              <!---->\r\n              <div class=\"w-100 h-y-container h-column__content h-column__v-align flex-basis-100 align-self-lg-start align-self-md-start align-self-start\">\r\n                <!---->\r\n                <div data-colibri-id=\"289-c16\" class=\"h-row-container gutters-row-lg-1 gutters-row-md-1 gutters-row-0 gutters-row-v-lg-1 gutters-row-v-md-1 gutters-row-v-2 style-406 style-local-289-c16 position-relative\">\r\n                  <!---->\r\n                  <div class=\"h-row justify-content-lg-center justify-content-md-center justify-content-center align-items-lg-stretch align-items-md-stretch align-items-stretch gutters-col-lg-1 gutters-col-md-1 gutters-col-0 gutters-col-v-lg-1 gutters-col-v-md-1 gutters-col-v-2\">\r\n                    <!---->\r\n                    <div class=\"h-column h-column-container d-flex h-col-lg h-col-md h-col-auto style-409-outer style-local-289-c17-outer\">\r\n                      <div data-colibri-id=\"289-c17\" class=\"d-flex h-flex-basis h-column__inner h-px-lg-0 h-px-md-0 h-px-0 v-inner-lg-0 v-inner-md-0 v-inner-0 style-409 style-local-289-c17 position-relative\">\r\n                        <!---->\r\n                        <!---->\r\n                        <div class=\"w-100 h-y-container h-column__content h-column__v-align flex-basis-100 align-self-lg-start align-self-md-start align-self-start\">\r\n                          <!---->\r\n                          <div data-colibri-id=\"289-c18\" class=\"h-global-transition-all h-heading style-410 style-local-289-c18 position-relative h-element\">\r\n                            <!---->\r\n                            <div class=\"h-heading__outer style-410 style-local-289-c18\">\r\n                              <!---->\r\n                              <!---->\r\n                              <a href=\"https:\/\/www.etouchane.com\/index.php\/etouchane-ggroupe-de-realisation-de-film-documentaire-production-diffusion-education-populaire\/productions-realisations\/?customize_changeset_uuid=ce2c6577-a217-4f53-8d6a-aa9e6d5ab1c3\"\r\n                                h-use-smooth-scroll=\"true\">\r\n                                <h5 class=\"\">Partenariat<\/h5>\r\n                              <\/a>\r\n                            <\/div>\r\n                          <\/div>\r\n                          <div data-colibri-id=\"289-c19\" class=\"h-text h-text-component style-411 style-local-289-c19 position-relative h-element\">\r\n                            <!---->\r\n                            <!---->\r\n                            <div class=\"\">\r\n                              <p>Ces projections sont men\u00e9es en partenariat avec des structures culturelles, sociales et \u00e9ducatives de la m\u00e9tropole lilloise&nbsp;: cin\u00e9ma, associations de quartiers, centres sociaux, maisons de quartiers, m\u00e9diath\u00e8ques, \u00e9tablissements\r\n                                scolaires, universit\u00e9s, centres de formation, \u00e9tablissement de sant\u00e9, des institutions comme le CNC, L\u2019\u00c9tat Politique de la ville CNC, soci\u00e9t\u00e9s de production et de distribution nationales et internationales, diffuseurs\r\n                                t\u00e9l\u00e9visuels\u2026 (Voir liste partenaire)<\/p>\r\n                            <\/div>\r\n                          <\/div>\r\n                        <\/div>\r\n                      <\/div>\r\n                    <\/div>\r\n                  <\/div>\r\n                <\/div>\r\n              <\/div>\r\n            <\/div>\r\n          <\/div>\r\n        <\/div>\r\n      <\/div>\r\n    <\/div>\r\n  <\/div>\r\n<\/div>","protected":false},"excerpt":{"rendered":"<p>Cin\u00e9ma documentaire Initiatives&nbsp;alternatives, d\u00e9mocratiques et collectives Rendre accessible au plus grand nombre, en particulier le public \u00e9loign\u00e9 de l\u2019offre culturelle, des films o\u00f9 le rapport soci\u00e9t\u00e9 \/ repr\u00e9sentations est en jeu. Nous privil\u00e9gions les films peu vus par le grand public, issus des r\u00e9seaux arts et essais, alternatifs, et \/ou de festivals de cin\u00e9ma documentaire [&hellip;]<\/p>\n","protected":false},"author":1,"featured_media":0,"parent":278,"menu_order":0,"comment_status":"closed","ping_status":"closed","template":"page-templates\/full-width-page.php","meta":{"inline_featured_image":false,"footnotes":""},"class_list":["post-289","page","type-page","status-publish","hentry"],"yoast_head":"<!-- This site is optimized with the Yoast SEO plugin v27.3 - https:\/\/yoast.com\/product\/yoast-seo-wordpress\/ -->\n<title>Diffusion - Etouchane<\/title>\n<meta name=\"robots\" content=\"index, follow, max-snippet:-1, max-image-preview:large, max-video-preview:-1\" \/>\n<link rel=\"canonical\" href=\"https:\/\/www.etouchane.com\/index.php\/etouchane-ggroupe-de-realisation-de-film-documentaire-production-diffusion-education-populaire\/diffusion\/\" \/>\n<meta property=\"og:locale\" content=\"fr_FR\" \/>\n<meta property=\"og:type\" content=\"article\" \/>\n<meta property=\"og:title\" content=\"Diffusion - Etouchane\" \/>\n<meta property=\"og:description\" content=\"Cin\u00e9ma documentaire Initiatives&nbsp;alternatives, d\u00e9mocratiques et collectives Rendre accessible au plus grand nombre, en particulier le public \u00e9loign\u00e9 de l\u2019offre culturelle, des films o\u00f9 le rapport soci\u00e9t\u00e9 \/ repr\u00e9sentations est en jeu. Nous privil\u00e9gions les films peu vus par le grand public, issus des r\u00e9seaux arts et essais, alternatifs, et \/ou de festivals de cin\u00e9ma documentaire [&hellip;]\" \/>\n<meta property=\"og:url\" content=\"https:\/\/www.etouchane.com\/index.php\/etouchane-ggroupe-de-realisation-de-film-documentaire-production-diffusion-education-populaire\/diffusion\/\" \/>\n<meta property=\"og:site_name\" content=\"Etouchane\" \/>\n<meta property=\"article:modified_time\" content=\"2024-03-18T14:22:48+00:00\" \/>\n<meta name=\"twitter:card\" content=\"summary_large_image\" \/>\n<meta name=\"twitter:label1\" content=\"Dur\u00e9e de lecture estim\u00e9e\" \/>\n\t<meta name=\"twitter:data1\" content=\"1 minute\" \/>\n<script type=\"application\/ld+json\" class=\"yoast-schema-graph\">{\"@context\":\"https:\\\/\\\/schema.org\",\"@graph\":[{\"@type\":\"WebPage\",\"@id\":\"https:\\\/\\\/www.etouchane.com\\\/index.php\\\/etouchane-ggroupe-de-realisation-de-film-documentaire-production-diffusion-education-populaire\\\/diffusion\\\/\",\"url\":\"https:\\\/\\\/www.etouchane.com\\\/index.php\\\/etouchane-ggroupe-de-realisation-de-film-documentaire-production-diffusion-education-populaire\\\/diffusion\\\/\",\"name\":\"Diffusion - Etouchane\",\"isPartOf\":{\"@id\":\"https:\\\/\\\/www.etouchane.com\\\/#website\"},\"datePublished\":\"2022-05-07T14:03:52+00:00\",\"dateModified\":\"2024-03-18T14:22:48+00:00\",\"breadcrumb\":{\"@id\":\"https:\\\/\\\/www.etouchane.com\\\/index.php\\\/etouchane-ggroupe-de-realisation-de-film-documentaire-production-diffusion-education-populaire\\\/diffusion\\\/#breadcrumb\"},\"inLanguage\":\"fr-FR\",\"potentialAction\":[{\"@type\":\"ReadAction\",\"target\":[\"https:\\\/\\\/www.etouchane.com\\\/index.php\\\/etouchane-ggroupe-de-realisation-de-film-documentaire-production-diffusion-education-populaire\\\/diffusion\\\/\"]}]},{\"@type\":\"BreadcrumbList\",\"@id\":\"https:\\\/\\\/www.etouchane.com\\\/index.php\\\/etouchane-ggroupe-de-realisation-de-film-documentaire-production-diffusion-education-populaire\\\/diffusion\\\/#breadcrumb\",\"itemListElement\":[{\"@type\":\"ListItem\",\"position\":1,\"name\":\"Accueil\",\"item\":\"https:\\\/\\\/www.etouchane.com\\\/\"},{\"@type\":\"ListItem\",\"position\":2,\"name\":\"Ateliers de r\u00e9alisation, pratique du montage, \u00e9criture et d\u00e9veloppement\",\"item\":\"https:\\\/\\\/www.etouchane.com\\\/\"},{\"@type\":\"ListItem\",\"position\":3,\"name\":\"Diffusion\"}]},{\"@type\":\"WebSite\",\"@id\":\"https:\\\/\\\/www.etouchane.com\\\/#website\",\"url\":\"https:\\\/\\\/www.etouchane.com\\\/\",\"name\":\"Etouchane\",\"description\":\"Regards Crois\u00e9s\",\"publisher\":{\"@id\":\"https:\\\/\\\/www.etouchane.com\\\/#organization\"},\"potentialAction\":[{\"@type\":\"SearchAction\",\"target\":{\"@type\":\"EntryPoint\",\"urlTemplate\":\"https:\\\/\\\/www.etouchane.com\\\/?s={search_term_string}\"},\"query-input\":{\"@type\":\"PropertyValueSpecification\",\"valueRequired\":true,\"valueName\":\"search_term_string\"}}],\"inLanguage\":\"fr-FR\"},{\"@type\":\"Organization\",\"@id\":\"https:\\\/\\\/www.etouchane.com\\\/#organization\",\"name\":\"Etouchane\",\"url\":\"https:\\\/\\\/www.etouchane.com\\\/\",\"logo\":{\"@type\":\"ImageObject\",\"inLanguage\":\"fr-FR\",\"@id\":\"https:\\\/\\\/www.etouchane.com\\\/#\\\/schema\\\/logo\\\/image\\\/\",\"url\":\"https:\\\/\\\/www.etouchane.com\\\/wp-content\\\/uploads\\\/2022\\\/05\\\/cropped-Sans-titre-1.png\",\"contentUrl\":\"https:\\\/\\\/www.etouchane.com\\\/wp-content\\\/uploads\\\/2022\\\/05\\\/cropped-Sans-titre-1.png\",\"width\":556,\"height\":522,\"caption\":\"Etouchane\"},\"image\":{\"@id\":\"https:\\\/\\\/www.etouchane.com\\\/#\\\/schema\\\/logo\\\/image\\\/\"}}]}<\/script>\n<!-- \/ Yoast SEO plugin. -->","yoast_head_json":{"title":"Diffusion - Etouchane","robots":{"index":"index","follow":"follow","max-snippet":"max-snippet:-1","max-image-preview":"max-image-preview:large","max-video-preview":"max-video-preview:-1"},"canonical":"https:\/\/www.etouchane.com\/index.php\/etouchane-ggroupe-de-realisation-de-film-documentaire-production-diffusion-education-populaire\/diffusion\/","og_locale":"fr_FR","og_type":"article","og_title":"Diffusion - Etouchane","og_description":"Cin\u00e9ma documentaire Initiatives&nbsp;alternatives, d\u00e9mocratiques et collectives Rendre accessible au plus grand nombre, en particulier le public \u00e9loign\u00e9 de l\u2019offre culturelle, des films o\u00f9 le rapport soci\u00e9t\u00e9 \/ repr\u00e9sentations est en jeu. Nous privil\u00e9gions les films peu vus par le grand public, issus des r\u00e9seaux arts et essais, alternatifs, et \/ou de festivals de cin\u00e9ma documentaire [&hellip;]","og_url":"https:\/\/www.etouchane.com\/index.php\/etouchane-ggroupe-de-realisation-de-film-documentaire-production-diffusion-education-populaire\/diffusion\/","og_site_name":"Etouchane","article_modified_time":"2024-03-18T14:22:48+00:00","twitter_card":"summary_large_image","twitter_misc":{"Dur\u00e9e de lecture estim\u00e9e":"1 minute"},"schema":{"@context":"https:\/\/schema.org","@graph":[{"@type":"WebPage","@id":"https:\/\/www.etouchane.com\/index.php\/etouchane-ggroupe-de-realisation-de-film-documentaire-production-diffusion-education-populaire\/diffusion\/","url":"https:\/\/www.etouchane.com\/index.php\/etouchane-ggroupe-de-realisation-de-film-documentaire-production-diffusion-education-populaire\/diffusion\/","name":"Diffusion - Etouchane","isPartOf":{"@id":"https:\/\/www.etouchane.com\/#website"},"datePublished":"2022-05-07T14:03:52+00:00","dateModified":"2024-03-18T14:22:48+00:00","breadcrumb":{"@id":"https:\/\/www.etouchane.com\/index.php\/etouchane-ggroupe-de-realisation-de-film-documentaire-production-diffusion-education-populaire\/diffusion\/#breadcrumb"},"inLanguage":"fr-FR","potentialAction":[{"@type":"ReadAction","target":["https:\/\/www.etouchane.com\/index.php\/etouchane-ggroupe-de-realisation-de-film-documentaire-production-diffusion-education-populaire\/diffusion\/"]}]},{"@type":"BreadcrumbList","@id":"https:\/\/www.etouchane.com\/index.php\/etouchane-ggroupe-de-realisation-de-film-documentaire-production-diffusion-education-populaire\/diffusion\/#breadcrumb","itemListElement":[{"@type":"ListItem","position":1,"name":"Accueil","item":"https:\/\/www.etouchane.com\/"},{"@type":"ListItem","position":2,"name":"Ateliers de r\u00e9alisation, pratique du montage, \u00e9criture et d\u00e9veloppement","item":"https:\/\/www.etouchane.com\/"},{"@type":"ListItem","position":3,"name":"Diffusion"}]},{"@type":"WebSite","@id":"https:\/\/www.etouchane.com\/#website","url":"https:\/\/www.etouchane.com\/","name":"Etouchane","description":"Regards Crois\u00e9s","publisher":{"@id":"https:\/\/www.etouchane.com\/#organization"},"potentialAction":[{"@type":"SearchAction","target":{"@type":"EntryPoint","urlTemplate":"https:\/\/www.etouchane.com\/?s={search_term_string}"},"query-input":{"@type":"PropertyValueSpecification","valueRequired":true,"valueName":"search_term_string"}}],"inLanguage":"fr-FR"},{"@type":"Organization","@id":"https:\/\/www.etouchane.com\/#organization","name":"Etouchane","url":"https:\/\/www.etouchane.com\/","logo":{"@type":"ImageObject","inLanguage":"fr-FR","@id":"https:\/\/www.etouchane.com\/#\/schema\/logo\/image\/","url":"https:\/\/www.etouchane.com\/wp-content\/uploads\/2022\/05\/cropped-Sans-titre-1.png","contentUrl":"https:\/\/www.etouchane.com\/wp-content\/uploads\/2022\/05\/cropped-Sans-titre-1.png","width":556,"height":522,"caption":"Etouchane"},"image":{"@id":"https:\/\/www.etouchane.com\/#\/schema\/logo\/image\/"}}]}},"_links":{"self":[{"href":"https:\/\/www.etouchane.com\/index.php\/wp-json\/wp\/v2\/pages\/289","targetHints":{"allow":["GET"]}}],"collection":[{"href":"https:\/\/www.etouchane.com\/index.php\/wp-json\/wp\/v2\/pages"}],"about":[{"href":"https:\/\/www.etouchane.com\/index.php\/wp-json\/wp\/v2\/types\/page"}],"author":[{"embeddable":true,"href":"https:\/\/www.etouchane.com\/index.php\/wp-json\/wp\/v2\/users\/1"}],"replies":[{"embeddable":true,"href":"https:\/\/www.etouchane.com\/index.php\/wp-json\/wp\/v2\/comments?post=289"}],"version-history":[{"count":19,"href":"https:\/\/www.etouchane.com\/index.php\/wp-json\/wp\/v2\/pages\/289\/revisions"}],"predecessor-version":[{"id":1392,"href":"https:\/\/www.etouchane.com\/index.php\/wp-json\/wp\/v2\/pages\/289\/revisions\/1392"}],"up":[{"embeddable":true,"href":"https:\/\/www.etouchane.com\/index.php\/wp-json\/wp\/v2\/pages\/278"}],"wp:attachment":[{"href":"https:\/\/www.etouchane.com\/index.php\/wp-json\/wp\/v2\/media?parent=289"}],"curies":[{"name":"wp","href":"https:\/\/api.w.org\/{rel}","templated":true}]}}